{"id":13853,"date":"2024-09-30T16:21:27","date_gmt":"2024-09-30T14:21:27","guid":{"rendered":"https:\/\/www.dottabbate.com\/?page_id=13853"},"modified":"2024-09-30T16:22:13","modified_gmt":"2024-09-30T14:22:13","slug":"articoli","status":"publish","type":"page","link":"https:\/\/www.dottabbate.com\/it\/articoli\/","title":{"rendered":"Articoli"},"content":{"rendered":"\t\t<div data-elementor-type=\"wp-page\" data-elementor-id=\"13853\" class=\"elementor elementor-13853\" data-elementor-post-type=\"page\">\n\t\t\t\t\t\t<section class=\"elementor-section elementor-top-section elementor-element elementor-element-6223578 elementor-section-boxed elementor-section-height-default elementor-section-height-default\" data-id=\"6223578\" data-element_type=\"section\" data-e-type=\"section\">\n\t\t\t\t\t\t<div class=\"elementor-container elementor-column-gap-default\">\n\t\t\t\t\t<div class=\"elementor-column elementor-col-100 elementor-top-column elementor-element elementor-element-bf85369\" data-id=\"bf85369\" data-element_type=\"column\" data-e-type=\"column\">\n\t\t\t<div class=\"elementor-widget-wrap elementor-element-populated\">\n\t\t\t\t\t\t<div class=\"elementor-element elementor-element-9e34141 elementor-grid-3 elementor-grid-tablet-2 elementor-grid-mobile-1 elementor-posts--thumbnail-top elementor-widget elementor-widget-posts\" data-id=\"9e34141\" data-element_type=\"widget\" data-e-type=\"widget\" data-settings=\"{&quot;pagination_type&quot;:&quot;numbers&quot;,&quot;classic_columns&quot;:&quot;3&quot;,&quot;classic_columns_tablet&quot;:&quot;2&quot;,&quot;classic_columns_mobile&quot;:&quot;1&quot;,&quot;classic_row_gap&quot;:{&quot;unit&quot;:&quot;px&quot;,&quot;size&quot;:35,&quot;sizes&quot;:[]},&quot;classic_row_gap_tablet&quot;:{&quot;unit&quot;:&quot;px&quot;,&quot;size&quot;:&quot;&quot;,&quot;sizes&quot;:[]},&quot;classic_row_gap_mobile&quot;:{&quot;unit&quot;:&quot;px&quot;,&quot;size&quot;:&quot;&quot;,&quot;sizes&quot;:[]}}\" data-widget_type=\"posts.classic\">\n\t\t\t\t<div class=\"elementor-widget-container\">\n\t\t\t\t\t\t\t<div class=\"elementor-posts-container elementor-posts elementor-posts--skin-classic elementor-grid\" role=\"list\">\n\t\t\t\t<article class=\"elementor-post elementor-grid-item post-8915 post type-post status-publish format-standard has-post-thumbnail hentry category-video category-articoli\" role=\"listitem\">\n\t\t\t\t<a class=\"elementor-post__thumbnail__link\" href=\"https:\/\/www.dottabbate.com\/it\/portale-22-02-2022\/\" tabindex=\"-1\">\n\t\t\t<div class=\"elementor-post__thumbnail\"><img decoding=\"async\" src=\"https:\/\/www.dottabbate.com\/wp-content\/uploads\/PORTALE-22-FEBBRAIO-2022.jpg\" title=\"PORTALE-22-FEBBRAIO-2022\" alt=\"PORTALE-22-FEBBRAIO-2022\" loading=\"lazy\" \/><\/div>\n\t\t<\/a>\n\t\t\t\t<div class=\"elementor-post__text\">\n\t\t\t\t<h3 class=\"elementor-post__title\">\n\t\t\t<a href=\"https:\/\/www.dottabbate.com\/it\/portale-22-02-2022\/\">\n\t\t\t\tPortale 22.02.2022\t\t\t<\/a>\n\t\t<\/h3>\n\t\t\t\t<div class=\"elementor-post__excerpt\">\n\t\t\t<p>Una bella notizia Ho una bella notizia da darvi: stiamo andando verso un evento positivo veramente eccezionale, per il quale per\u00f2 dobbiamo prepararci a livello spirituale.<\/p>\n\t\t<\/div>\n\t\t\n\t\t<a class=\"elementor-post__read-more\" href=\"https:\/\/www.dottabbate.com\/it\/portale-22-02-2022\/\" aria-label=\"Leggi tutto Portale 22.02.2022\" tabindex=\"-1\">\n\t\t\tLeggi tutto \u00bb\t\t<\/a>\n\n\t\t\t\t<\/div>\n\t\t\t\t<\/article>\n\t\t\t\t<article class=\"elementor-post elementor-grid-item post-6234 post type-post status-publish format-quote has-post-thumbnail hentry category-articoli category-video post_format-post-format-quote\" role=\"listitem\">\n\t\t\t\t<a class=\"elementor-post__thumbnail__link\" href=\"https:\/\/www.dottabbate.com\/it\/i-dati-non-parlano\/\" tabindex=\"-1\">\n\t\t\t<div class=\"elementor-post__thumbnail\"><img decoding=\"async\" src=\"https:\/\/www.dottabbate.com\/wp-content\/uploads\/I-dati-non-parlano.jpg\" title=\"I-dati-non-parlano\" alt=\"I-dati-non-parlano\" loading=\"lazy\" \/><\/div>\n\t\t<\/a>\n\t\t\t\t<div class=\"elementor-post__text\">\n\t\t\t\t<h3 class=\"elementor-post__title\">\n\t\t\t<a href=\"https:\/\/www.dottabbate.com\/it\/i-dati-non-parlano\/\">\n\t\t\t\tI dati non parlano\t\t\t<\/a>\n\t\t<\/h3>\n\t\t\t\t<div class=\"elementor-post__excerpt\">\n\t\t\t<p>Questa \u00e8 la verit\u00e0, lo dicono i dati Particolarmente in questi ultimi anni chiss\u00e0 quante volte avrete sentito esperti dire: \u201cQuesta \u00e8 la verit\u00e0, lo dicono<\/p>\n\t\t<\/div>\n\t\t\n\t\t<a class=\"elementor-post__read-more\" href=\"https:\/\/www.dottabbate.com\/it\/i-dati-non-parlano\/\" aria-label=\"Leggi tutto I dati non parlano\" tabindex=\"-1\">\n\t\t\tLeggi tutto \u00bb\t\t<\/a>\n\n\t\t\t\t<\/div>\n\t\t\t\t<\/article>\n\t\t\t\t<article class=\"elementor-post elementor-grid-item post-6183 post type-post status-publish format-quote has-post-thumbnail hentry category-articoli post_format-post-format-quote\" role=\"listitem\">\n\t\t\t\t<a class=\"elementor-post__thumbnail__link\" href=\"https:\/\/www.dottabbate.com\/it\/eva-assolta\/\" tabindex=\"-1\">\n\t\t\t<div class=\"elementor-post__thumbnail\"><img decoding=\"async\" src=\"https:\/\/www.dottabbate.com\/wp-content\/uploads\/eva-assolta.jpg\" title=\"eva-assolta\" alt=\"eva-assolta\" loading=\"lazy\" \/><\/div>\n\t\t<\/a>\n\t\t\t\t<div class=\"elementor-post__text\">\n\t\t\t\t<h3 class=\"elementor-post__title\">\n\t\t\t<a href=\"https:\/\/www.dottabbate.com\/it\/eva-assolta\/\">\n\t\t\t\tEva assolta\t\t\t<\/a>\n\t\t<\/h3>\n\t\t\t\t<div class=\"elementor-post__excerpt\">\n\t\t\t<p>Eva: assolta &#8230;&#8230; per non aver commesso il fatto. La tradizione ci ha tramandato una immagine di Eva come la prima donna che, tentando Adamo, ha<\/p>\n\t\t<\/div>\n\t\t\n\t\t<a class=\"elementor-post__read-more\" href=\"https:\/\/www.dottabbate.com\/it\/eva-assolta\/\" aria-label=\"Leggi tutto Eva assolta\" tabindex=\"-1\">\n\t\t\tLeggi tutto \u00bb\t\t<\/a>\n\n\t\t\t\t<\/div>\n\t\t\t\t<\/article>\n\t\t\t\t<article class=\"elementor-post elementor-grid-item post-5365 post type-post status-publish format-quote has-post-thumbnail hentry category-articoli category-video post_format-post-format-quote\" role=\"listitem\">\n\t\t\t\t<a class=\"elementor-post__thumbnail__link\" href=\"https:\/\/www.dottabbate.com\/it\/la-scienza-dei-portali\/\" tabindex=\"-1\">\n\t\t\t<div class=\"elementor-post__thumbnail\"><img decoding=\"async\" src=\"https:\/\/www.dottabbate.com\/wp-content\/uploads\/la-scienza-dei-portali.jpg\" title=\"la-scienza-dei-portali\" alt=\"la-scienza-dei-portali\" loading=\"lazy\" \/><\/div>\n\t\t<\/a>\n\t\t\t\t<div class=\"elementor-post__text\">\n\t\t\t\t<h3 class=\"elementor-post__title\">\n\t\t\t<a href=\"https:\/\/www.dottabbate.com\/it\/la-scienza-dei-portali\/\">\n\t\t\t\tLa Scienza dei Portali\t\t\t<\/a>\n\t\t<\/h3>\n\t\t\t\t<div class=\"elementor-post__excerpt\">\n\t\t\t<p>I portali dimensionali non sono qualcosa che appartiene soltanto ai film o all\u2019immaginario collettivo, sono molto pi\u00f9 reali di quanto si pensi. Ma cosa sono nello<\/p>\n\t\t<\/div>\n\t\t\n\t\t<a class=\"elementor-post__read-more\" href=\"https:\/\/www.dottabbate.com\/it\/la-scienza-dei-portali\/\" aria-label=\"Leggi tutto La Scienza dei Portali\" tabindex=\"-1\">\n\t\t\tLeggi tutto \u00bb\t\t<\/a>\n\n\t\t\t\t<\/div>\n\t\t\t\t<\/article>\n\t\t\t\t<article class=\"elementor-post elementor-grid-item post-5258 post type-post status-publish format-quote has-post-thumbnail hentry category-articoli category-video post_format-post-format-quote\" role=\"listitem\">\n\t\t\t\t<a class=\"elementor-post__thumbnail__link\" href=\"https:\/\/www.dottabbate.com\/it\/la-legge-di-attrazione\/\" tabindex=\"-1\">\n\t\t\t<div class=\"elementor-post__thumbnail\"><img decoding=\"async\" src=\"https:\/\/www.dottabbate.com\/wp-content\/uploads\/leggediattrazione.jpg\" title=\"leggediattrazione\" alt=\"leggediattrazione\" loading=\"lazy\" \/><\/div>\n\t\t<\/a>\n\t\t\t\t<div class=\"elementor-post__text\">\n\t\t\t\t<h3 class=\"elementor-post__title\">\n\t\t\t<a href=\"https:\/\/www.dottabbate.com\/it\/la-legge-di-attrazione\/\">\n\t\t\t\tLa Legge di Attrazione\t\t\t<\/a>\n\t\t<\/h3>\n\t\t\t\t<div class=\"elementor-post__excerpt\">\n\t\t\t<p>La Legge di attrazione \u00e8 una regola che governa l\u2019universo e che ha attirato l\u2019attenzione di scienziati, psicologi ed esperti comportamentali.\u00a0 Si tratta di una legge,<\/p>\n\t\t<\/div>\n\t\t\n\t\t<a class=\"elementor-post__read-more\" href=\"https:\/\/www.dottabbate.com\/it\/la-legge-di-attrazione\/\" aria-label=\"Leggi tutto La Legge di Attrazione\" tabindex=\"-1\">\n\t\t\tLeggi tutto \u00bb\t\t<\/a>\n\n\t\t\t\t<\/div>\n\t\t\t\t<\/article>\n\t\t\t\t<article class=\"elementor-post elementor-grid-item post-5243 post type-post status-publish format-quote has-post-thumbnail hentry category-articoli category-video post_format-post-format-quote\" role=\"listitem\">\n\t\t\t\t<a class=\"elementor-post__thumbnail__link\" href=\"https:\/\/www.dottabbate.com\/it\/perche-parli-in-parabole\/\" tabindex=\"-1\">\n\t\t\t<div class=\"elementor-post__thumbnail\"><img decoding=\"async\" src=\"https:\/\/www.dottabbate.com\/wp-content\/uploads\/perche-parli-in-parabole.jpg\" title=\"perche-parli-in-parabole\" alt=\"perche-parli-in-parabole\" loading=\"lazy\" \/><\/div>\n\t\t<\/a>\n\t\t\t\t<div class=\"elementor-post__text\">\n\t\t\t\t<h3 class=\"elementor-post__title\">\n\t\t\t<a href=\"https:\/\/www.dottabbate.com\/it\/perche-parli-in-parabole\/\">\n\t\t\t\tPerch\u00e8 parli in parabole?\t\t\t<\/a>\n\t\t<\/h3>\n\t\t\t\t<div class=\"elementor-post__excerpt\">\n\t\t\t<p>Rileggere un brano dal Vangelo di Matteo I Vangeli sono racconti che vogliono coinvolgere attivamente il lettore o l&#8217;ascoltatore. Leggere i Vangeli significa lasciarsi provocare, lasciarsi<\/p>\n\t\t<\/div>\n\t\t\n\t\t<a class=\"elementor-post__read-more\" href=\"https:\/\/www.dottabbate.com\/it\/perche-parli-in-parabole\/\" aria-label=\"Leggi tutto Perch\u00e8 parli in parabole?\" tabindex=\"-1\">\n\t\t\tLeggi tutto \u00bb\t\t<\/a>\n\n\t\t\t\t<\/div>\n\t\t\t\t<\/article>\n\t\t\t\t<article class=\"elementor-post elementor-grid-item post-5232 post type-post status-publish format-quote has-post-thumbnail hentry category-articoli category-video post_format-post-format-quote\" role=\"listitem\">\n\t\t\t\t<a class=\"elementor-post__thumbnail__link\" href=\"https:\/\/www.dottabbate.com\/it\/ave-maria\/\" tabindex=\"-1\">\n\t\t\t<div class=\"elementor-post__thumbnail\"><img decoding=\"async\" src=\"https:\/\/www.dottabbate.com\/wp-content\/uploads\/Ave-Maria.jpg\" title=\"Ave-Maria\" alt=\"Ave-Maria\" loading=\"lazy\" \/><\/div>\n\t\t<\/a>\n\t\t\t\t<div class=\"elementor-post__text\">\n\t\t\t\t<h3 class=\"elementor-post__title\">\n\t\t\t<a href=\"https:\/\/www.dottabbate.com\/it\/ave-maria\/\">\n\t\t\t\tAve Maria\t\t\t<\/a>\n\t\t<\/h3>\n\t\t\t\t<div class=\"elementor-post__excerpt\">\n\t\t\t<p>Ave Maria \u00e8 la preghiera pi\u00f9 recitata dai cristiani in tutte le confessioni e deriva dal Vangelo di Luca in diverse versioni. La Storia dell&#8217;Ave Maria<\/p>\n\t\t<\/div>\n\t\t\n\t\t<a class=\"elementor-post__read-more\" href=\"https:\/\/www.dottabbate.com\/it\/ave-maria\/\" aria-label=\"Leggi tutto Ave Maria\" tabindex=\"-1\">\n\t\t\tLeggi tutto \u00bb\t\t<\/a>\n\n\t\t\t\t<\/div>\n\t\t\t\t<\/article>\n\t\t\t\t<article class=\"elementor-post elementor-grid-item post-5123 post type-post status-publish format-quote has-post-thumbnail hentry category-articoli category-video post_format-post-format-quote\" role=\"listitem\">\n\t\t\t\t<a class=\"elementor-post__thumbnail__link\" href=\"https:\/\/www.dottabbate.com\/it\/creatoridelcambiamento\/\" tabindex=\"-1\">\n\t\t\t<div class=\"elementor-post__thumbnail\"><img decoding=\"async\" src=\"https:\/\/www.dottabbate.com\/wp-content\/uploads\/Creatori-del-Cambiamento.jpg\" title=\"Creatori-del-Cambiamento\" alt=\"Creatori-del-Cambiamento\" loading=\"lazy\" \/><\/div>\n\t\t<\/a>\n\t\t\t\t<div class=\"elementor-post__text\">\n\t\t\t\t<h3 class=\"elementor-post__title\">\n\t\t\t<a href=\"https:\/\/www.dottabbate.com\/it\/creatoridelcambiamento\/\">\n\t\t\t\tCreatori del Cambiamento\t\t\t<\/a>\n\t\t<\/h3>\n\t\t\t\t<div class=\"elementor-post__excerpt\">\n\t\t\t<p>Come mai tutti i Maestri presenti sulla terra, tutti gli individui di buona volont\u00e0, tutte le coscienze \u201crisvegliate\u201d non riescono a mettere in atto un cambiamento<\/p>\n\t\t<\/div>\n\t\t\n\t\t<a class=\"elementor-post__read-more\" href=\"https:\/\/www.dottabbate.com\/it\/creatoridelcambiamento\/\" aria-label=\"Leggi tutto Creatori del Cambiamento\" tabindex=\"-1\">\n\t\t\tLeggi tutto \u00bb\t\t<\/a>\n\n\t\t\t\t<\/div>\n\t\t\t\t<\/article>\n\t\t\t\t<article class=\"elementor-post elementor-grid-item post-4926 post type-post status-publish format-quote has-post-thumbnail hentry category-articoli category-video post_format-post-format-quote\" role=\"listitem\">\n\t\t\t\t<a class=\"elementor-post__thumbnail__link\" href=\"https:\/\/www.dottabbate.com\/it\/leprofezieeilfato\/\" tabindex=\"-1\">\n\t\t\t<div class=\"elementor-post__thumbnail\"><img decoding=\"async\" src=\"https:\/\/www.dottabbate.com\/wp-content\/uploads\/Le-Profezie-e-il-Fato.jpg\" title=\"Le-Profezie-e-il-Fato\" alt=\"Le-Profezie-e-il-Fato\" loading=\"lazy\" \/><\/div>\n\t\t<\/a>\n\t\t\t\t<div class=\"elementor-post__text\">\n\t\t\t\t<h3 class=\"elementor-post__title\">\n\t\t\t<a href=\"https:\/\/www.dottabbate.com\/it\/leprofezieeilfato\/\">\n\t\t\t\tLe Profezie e il Fato\t\t\t<\/a>\n\t\t<\/h3>\n\t\t\t\t<div class=\"elementor-post__excerpt\">\n\t\t\t<p>La Numerologia \u00e8 una scienza antichissima in grado di risvegliare le coscienze, condurre l\u2019Essere umano alla profonda conoscenza di S\u00e9 e fornire risposte a domande come:<\/p>\n\t\t<\/div>\n\t\t\n\t\t<a class=\"elementor-post__read-more\" href=\"https:\/\/www.dottabbate.com\/it\/leprofezieeilfato\/\" aria-label=\"Leggi tutto Le Profezie e il Fato\" tabindex=\"-1\">\n\t\t\tLeggi tutto \u00bb\t\t<\/a>\n\n\t\t\t\t<\/div>\n\t\t\t\t<\/article>\n\t\t\t\t<article class=\"elementor-post elementor-grid-item post-4792 post type-post status-publish format-quote has-post-thumbnail hentry category-articoli category-video post_format-post-format-quote\" role=\"listitem\">\n\t\t\t\t<a class=\"elementor-post__thumbnail__link\" href=\"https:\/\/www.dottabbate.com\/it\/scienzaespiritualita\/\" tabindex=\"-1\">\n\t\t\t<div class=\"elementor-post__thumbnail\"><img decoding=\"async\" src=\"https:\/\/www.dottabbate.com\/wp-content\/uploads\/Scienza-e-Spiritualita.jpg\" title=\"Scienza-e-Spiritualita\" alt=\"Scienza-e-Spiritualita\" loading=\"lazy\" \/><\/div>\n\t\t<\/a>\n\t\t\t\t<div class=\"elementor-post__text\">\n\t\t\t\t<h3 class=\"elementor-post__title\">\n\t\t\t<a href=\"https:\/\/www.dottabbate.com\/it\/scienzaespiritualita\/\">\n\t\t\t\tScienza e Spiritualit\u00e0\t\t\t<\/a>\n\t\t<\/h3>\n\t\t\t\t<div class=\"elementor-post__excerpt\">\n\t\t\t<p>Quando si parla di scienza \u00e8 importante spiegare fin da subito di che cosa si tratta dato che troppo spesso numerose discipline vengono etichettate come scienze<\/p>\n\t\t<\/div>\n\t\t\n\t\t<a class=\"elementor-post__read-more\" href=\"https:\/\/www.dottabbate.com\/it\/scienzaespiritualita\/\" aria-label=\"Leggi tutto Scienza e Spiritualit\u00e0\" tabindex=\"-1\">\n\t\t\tLeggi tutto \u00bb\t\t<\/a>\n\n\t\t\t\t<\/div>\n\t\t\t\t<\/article>\n\t\t\t\t<article class=\"elementor-post elementor-grid-item post-4756 post type-post status-publish format-quote has-post-thumbnail hentry category-articoli category-video post_format-post-format-quote\" role=\"listitem\">\n\t\t\t\t<a class=\"elementor-post__thumbnail__link\" href=\"https:\/\/www.dottabbate.com\/it\/esoterismodeinumeriromani\/\" tabindex=\"-1\">\n\t\t\t<div class=\"elementor-post__thumbnail\"><img decoding=\"async\" src=\"https:\/\/www.dottabbate.com\/wp-content\/uploads\/Esoterismo-dei-Numeri-Romani.jpg\" title=\"Esoterismo-dei-Numeri-Romani\" alt=\"Esoterismo-dei-Numeri-Romani\" loading=\"lazy\" \/><\/div>\n\t\t<\/a>\n\t\t\t\t<div class=\"elementor-post__text\">\n\t\t\t\t<h3 class=\"elementor-post__title\">\n\t\t\t<a href=\"https:\/\/www.dottabbate.com\/it\/esoterismodeinumeriromani\/\">\n\t\t\t\tEsoterismo dei Numeri Romani\t\t\t<\/a>\n\t\t<\/h3>\n\t\t\t\t<div class=\"elementor-post__excerpt\">\n\t\t\t<p>Le cifre indo-arabe, conosciute come numeri arabi, sono la rappresentazione simbolica delle entit\u00e0 numeriche pi\u00f9 comune al mondo. I numeri arabi si diffusero in Europa grazie<\/p>\n\t\t<\/div>\n\t\t\n\t\t<a class=\"elementor-post__read-more\" href=\"https:\/\/www.dottabbate.com\/it\/esoterismodeinumeriromani\/\" aria-label=\"Leggi tutto Esoterismo dei Numeri Romani\" tabindex=\"-1\">\n\t\t\tLeggi tutto \u00bb\t\t<\/a>\n\n\t\t\t\t<\/div>\n\t\t\t\t<\/article>\n\t\t\t\t<article class=\"elementor-post elementor-grid-item post-4741 post type-post status-publish format-quote has-post-thumbnail hentry category-articoli category-video post_format-post-format-quote\" role=\"listitem\">\n\t\t\t\t<a class=\"elementor-post__thumbnail__link\" href=\"https:\/\/www.dottabbate.com\/it\/cosaelaliberta\/\" tabindex=\"-1\">\n\t\t\t<div class=\"elementor-post__thumbnail\"><img decoding=\"async\" src=\"https:\/\/www.dottabbate.com\/wp-content\/uploads\/cosa-e-la-liberta.jpg\" title=\"cosa-e-la-liberta\" alt=\"cosa-e-la-liberta\" loading=\"lazy\" \/><\/div>\n\t\t<\/a>\n\t\t\t\t<div class=\"elementor-post__text\">\n\t\t\t\t<h3 class=\"elementor-post__title\">\n\t\t\t<a href=\"https:\/\/www.dottabbate.com\/it\/cosaelaliberta\/\">\n\t\t\t\tCosa \u00e8 la Libert\u00e0?\t\t\t<\/a>\n\t\t<\/h3>\n\t\t\t\t<div class=\"elementor-post__excerpt\">\n\t\t\t<p>Riuscire a spiegare profondamente cosa \u00e8 la libert\u00e0 non \u00e8 cosa semplice perch\u00e9 si tratta di un concetto che andrebbe analizzato su pi\u00f9 livelli. Scegliendo di<\/p>\n\t\t<\/div>\n\t\t\n\t\t<a class=\"elementor-post__read-more\" href=\"https:\/\/www.dottabbate.com\/it\/cosaelaliberta\/\" aria-label=\"Leggi tutto Cosa \u00e8 la Libert\u00e0?\" tabindex=\"-1\">\n\t\t\tLeggi tutto \u00bb\t\t<\/a>\n\n\t\t\t\t<\/div>\n\t\t\t\t<\/article>\n\t\t\t\t<\/div>\n\t\t\n\t\t\t\t<div class=\"e-load-more-anchor\" data-page=\"1\" data-max-page=\"9\" data-next-page=\"https:\/\/www.dottabbate.com\/it\/wp-json\/wp\/v2\/pages\/13853\/page\/2\/\"><\/div>\n\t\t\t\t<nav class=\"elementor-pagination\" aria-label=\"Paginazione\">\n\t\t\t<span aria-current=\"page\" class=\"page-numbers current\"><span class=\"elementor-screen-only\">Pagina<\/span>1<\/span>\n<a class=\"page-numbers\" href=\"https:\/\/www.dottabbate.com\/it\/wp-json\/wp\/v2\/pages\/13853\/page\/2\/\"><span class=\"elementor-screen-only\">Pagina<\/span>2<\/a>\n<a class=\"page-numbers\" href=\"https:\/\/www.dottabbate.com\/it\/wp-json\/wp\/v2\/pages\/13853\/page\/3\/\"><span class=\"elementor-screen-only\">Pagina<\/span>3<\/a>\n<span class=\"page-numbers dots\">&hellip;<\/span>\n<a class=\"page-numbers\" href=\"https:\/\/www.dottabbate.com\/it\/wp-json\/wp\/v2\/pages\/13853\/page\/9\/\"><span class=\"elementor-screen-only\">Pagina<\/span>9<\/a>\t\t<\/nav>\n\t\t\t\t\t\t<\/div>\n\t\t\t\t<\/div>\n\t\t\t\t\t<\/div>\n\t\t<\/div>\n\t\t\t\t\t<\/div>\n\t\t<\/section>\n\t\t\t\t<\/div>\n\t\t","protected":false},"excerpt":{"rendered":"","protected":false},"author":1,"featured_media":0,"parent":0,"menu_order":0,"comment_status":"closed","ping_status":"closed","template":"","meta":{"_acf_changed":false,"footnotes":""},"categories":[],"tags":[],"class_list":["post-13853","page","type-page","status-publish","hentry"],"acf":[],"_links":{"self":[{"href":"https:\/\/www.dottabbate.com\/it\/wp-json\/wp\/v2\/pages\/13853","targetHints":{"allow":["GET"]}}],"collection":[{"href":"https:\/\/www.dottabbate.com\/it\/wp-json\/wp\/v2\/pages"}],"about":[{"href":"https:\/\/www.dottabbate.com\/it\/wp-json\/wp\/v2\/types\/page"}],"author":[{"embeddable":true,"href":"https:\/\/www.dottabbate.com\/it\/wp-json\/wp\/v2\/users\/1"}],"replies":[{"embeddable":true,"href":"https:\/\/www.dottabbate.com\/it\/wp-json\/wp\/v2\/comments?post=13853"}],"version-history":[{"count":4,"href":"https:\/\/www.dottabbate.com\/it\/wp-json\/wp\/v2\/pages\/13853\/revisions"}],"predecessor-version":[{"id":13858,"href":"https:\/\/www.dottabbate.com\/it\/wp-json\/wp\/v2\/pages\/13853\/revisions\/13858"}],"wp:attachment":[{"href":"https:\/\/www.dottabbate.com\/it\/wp-json\/wp\/v2\/media?parent=13853"}],"wp:term":[{"taxonomy":"category","embeddable":true,"href":"https:\/\/www.dottabbate.com\/it\/wp-json\/wp\/v2\/categories?post=13853"},{"taxonomy":"post_tag","embeddable":true,"href":"https:\/\/www.dottabbate.com\/it\/wp-json\/wp\/v2\/tags?post=13853"}],"curies":[{"name":"wp","href":"https:\/\/api.w.org\/{rel}","templated":true}]}}