{"id":652,"date":"2022-01-26T17:54:17","date_gmt":"2022-01-26T16:54:17","guid":{"rendered":"https:\/\/www.dottabbate.com\/?post_type=product&#038;p=652"},"modified":"2022-02-03T18:08:57","modified_gmt":"2022-02-03T17:08:57","slug":"le-parole-segrete","status":"publish","type":"product","link":"https:\/\/www.dottabbate.com\/it\/prodotto\/le-parole-segrete\/","title":{"rendered":"Le parole segrete"},"content":{"rendered":"<p><strong>Gli incontri:<\/strong><br \/>\n8 incontri con cadenza bisettimanale il marted\u00ec sera dalle 21:00 alle 22:30 circa<\/p>\n<p><strong>Quando:<\/strong><\/p>\n<p>Il primo incontro sar\u00e0 marted\u00ec 23 marzo; riceverai il calendario via email appena completata l&#8217;iscrizione<\/p>\n<p><strong>Dove:<\/strong><\/p>\n<p>Ci troveremo sulla piattaforma Zoom; riceverai il link unico di invito agli 8 incontri via email insieme al calendario. Inoltre il giorno stesso dell&#8217;incontro riceverai un promemoria via email<\/p>\n<p><strong>Cosa faremo:<\/strong><\/p>\n<p>Analizzeremo il Vangelo di Tommaso e gli insegnamenti segreti del Maestro Ges\u00f9, comparandoli con altri testi sacri; la parte finale di ogni incontro sar\u00e0 dedicata alle vostre domande<\/p>\n","protected":false},"excerpt":{"rendered":"<p>Gli incontri: 8 incontri con cadenza bisettimanale il marted\u00ec sera dalle 21:00 alle 22:30 circa Quando: Il primo incontro sar\u00e0 marted\u00ec 23 marzo; riceverai il calendario via email appena completata l&#8217;iscrizione Dove: Ci troveremo sulla piattaforma Zoom; riceverai il link unico di invito agli 8 incontri via email insieme al calendario. Inoltre il giorno stesso [&hellip;]<\/p>\n","protected":false},"featured_media":637,"template":"","meta":{"_acf_changed":false},"product_brand":[],"product_cat":[15],"product_tag":[],"class_list":{"0":"post-652","1":"product","2":"type-product","3":"status-publish","4":"has-post-thumbnail","6":"product_cat-senza-categoria","8":"first","9":"instock","10":"downloadable","11":"virtual","12":"purchasable","13":"product-type-simple"},"acf":[],"_links":{"self":[{"href":"https:\/\/www.dottabbate.com\/it\/wp-json\/wp\/v2\/product\/652","targetHints":{"allow":["GET"]}}],"collection":[{"href":"https:\/\/www.dottabbate.com\/it\/wp-json\/wp\/v2\/product"}],"about":[{"href":"https:\/\/www.dottabbate.com\/it\/wp-json\/wp\/v2\/types\/product"}],"version-history":[{"count":1,"href":"https:\/\/www.dottabbate.com\/it\/wp-json\/wp\/v2\/product\/652\/revisions"}],"predecessor-version":[{"id":659,"href":"https:\/\/www.dottabbate.com\/it\/wp-json\/wp\/v2\/product\/652\/revisions\/659"}],"wp:featuredmedia":[{"embeddable":true,"href":"https:\/\/www.dottabbate.com\/it\/wp-json\/wp\/v2\/media\/637"}],"wp:attachment":[{"href":"https:\/\/www.dottabbate.com\/it\/wp-json\/wp\/v2\/media?parent=652"}],"wp:term":[{"taxonomy":"product_brand","embeddable":true,"href":"https:\/\/www.dottabbate.com\/it\/wp-json\/wp\/v2\/product_brand?post=652"},{"taxonomy":"product_cat","embeddable":true,"href":"https:\/\/www.dottabbate.com\/it\/wp-json\/wp\/v2\/product_cat?post=652"},{"taxonomy":"product_tag","embeddable":true,"href":"https:\/\/www.dottabbate.com\/it\/wp-json\/wp\/v2\/product_tag?post=652"}],"curies":[{"name":"wp","href":"https:\/\/api.w.org\/{rel}","templated":true}]}}