{"id":8716,"date":"2022-04-05T17:58:01","date_gmt":"2022-04-05T15:58:01","guid":{"rendered":"https:\/\/www.dottabbate.com\/chi-sono\/"},"modified":"2022-04-05T18:05:30","modified_gmt":"2022-04-05T16:05:30","slug":"quem-sou","status":"publish","type":"page","link":"https:\/\/www.dottabbate.com\/pt-br\/quem-sou\/","title":{"rendered":"Quem sou"},"content":{"rendered":"\t\t<div data-elementor-type=\"wp-page\" data-elementor-id=\"8716\" class=\"elementor elementor-8716 elementor-131\" data-elementor-post-type=\"page\">\n\t\t\t\t\t\t<section class=\"elementor-section elementor-top-section elementor-element elementor-element-34c9d75 elementor-section-boxed elementor-section-height-default elementor-section-height-default\" data-id=\"34c9d75\" data-element_type=\"section\" data-e-type=\"section\">\n\t\t\t\t\t\t<div class=\"elementor-container elementor-column-gap-default\">\n\t\t\t\t\t<div class=\"elementor-column elementor-col-100 elementor-top-column elementor-element elementor-element-a337e26\" data-id=\"a337e26\" data-element_type=\"column\" data-e-type=\"column\">\n\t\t\t<div class=\"elementor-widget-wrap elementor-element-populated\">\n\t\t\t\t\t\t<section class=\"elementor-section elementor-inner-section elementor-element elementor-element-19e3c8c elementor-section-content-middle elementor-section-boxed elementor-section-height-default elementor-section-height-default\" data-id=\"19e3c8c\" data-element_type=\"section\" data-e-type=\"section\">\n\t\t\t\t\t\t<div class=\"elementor-container elementor-column-gap-wider\">\n\t\t\t\t\t<div class=\"elementor-column elementor-col-50 elementor-inner-column elementor-element elementor-element-dda1280\" data-id=\"dda1280\" data-element_type=\"column\" data-e-type=\"column\">\n\t\t\t<div class=\"elementor-widget-wrap elementor-element-populated\">\n\t\t\t\t\t\t<div class=\"elementor-element elementor-element-8eb92c0 elementor-widget elementor-widget-text-editor\" data-id=\"8eb92c0\" data-element_type=\"widget\" data-e-type=\"widget\" data-widget_type=\"text-editor.default\">\n\t\t\t\t<div class=\"elementor-widget-container\">\n\t\t\t\t\t\t\t\t\t<p>Graduado em F\u00edsica em P\u00e1dua com tese para o projeto de uma parte do CERN em Genebra, graduado em Teologia, estudioso de textos sagrados, entre os maiores especialistas no mundo da Cabala Cald\u00e9ia (a qual recebeu das dimens\u00f5es superiores sem nunca ter aprendido com nenhum professor ou livro) e tamb\u00e9m de Astrologia, Numerologia e Gematria, o Dr. Gian Piero Abbate,\u00a0<b>tem por mais de 30 anos ajudado milhares de pessoas na It\u00e1lia e no exterior a Despertar seu Eu Superior.<\/b><\/p><p>O conhecido cientista e clarividente russo\u00a0<b>Grigori Grabovoi o definiu como \u201cO Homem com o mais alto n\u00edvel de conhecimento que vive hoje<\/b>\u00a0na Terra e uma das figuras mais importantes da hist\u00f3ria da Humanidade\u00a0como a reencarna\u00e7\u00e3o de Jo\u00e3o Batista\u201d.<\/p>\t\t\t\t\t\t\t\t<\/div>\n\t\t\t\t<\/div>\n\t\t\t\t\t<\/div>\n\t\t<\/div>\n\t\t\t\t<div class=\"elementor-column elementor-col-50 elementor-inner-column elementor-element elementor-element-76ee3cd\" data-id=\"76ee3cd\" data-element_type=\"column\" data-e-type=\"column\">\n\t\t\t<div class=\"elementor-widget-wrap elementor-element-populated\">\n\t\t\t\t\t\t<div class=\"elementor-element elementor-element-8f63a53 animated-slow elementor-invisible elementor-widget elementor-widget-image\" data-id=\"8f63a53\" data-element_type=\"widget\" data-e-type=\"widget\" data-settings=\"{&quot;_animation&quot;:&quot;fadeIn&quot;}\" data-widget_type=\"image.default\">\n\t\t\t\t<div class=\"elementor-widget-container\">\n\t\t\t\t\t\t\t\t\t\t\t\t\t\t\t<img fetchpriority=\"high\" decoding=\"async\" width=\"300\" height=\"300\" src=\"https:\/\/www.dottabbate.com\/wp-content\/uploads\/abby-300x300-2.jpg\" class=\"attachment-full size-full wp-image-524\" alt=\"\" srcset=\"https:\/\/www.dottabbate.com\/wp-content\/uploads\/abby-300x300-2.jpg 300w, https:\/\/www.dottabbate.com\/wp-content\/uploads\/abby-300x300-2-100x100.jpg 100w\" sizes=\"(max-width: 300px) 100vw, 300px\" \/>\t\t\t\t\t\t\t\t\t\t\t\t\t\t\t<\/div>\n\t\t\t\t<\/div>\n\t\t\t\t\t<\/div>\n\t\t<\/div>\n\t\t\t\t\t<\/div>\n\t\t<\/section>\n\t\t\t\t\t<\/div>\n\t\t<\/div>\n\t\t\t\t\t<\/div>\n\t\t<\/section>\n\t\t\t\t<section data-dce-background-image-url=\"https:\/\/www.dottabbate.com\/wp-content\/uploads\/vetrina-1.jpg\" class=\"elementor-section elementor-top-section elementor-element elementor-element-ad6e2da animated-slow elementor-section-boxed elementor-section-height-default elementor-section-height-default elementor-invisible\" data-id=\"ad6e2da\" data-element_type=\"section\" data-e-type=\"section\" data-settings=\"{&quot;background_background&quot;:&quot;classic&quot;,&quot;animation&quot;:&quot;fadeIn&quot;}\">\n\t\t\t\t\t\t\t<div class=\"elementor-background-overlay\"><\/div>\n\t\t\t\t\t\t\t<div class=\"elementor-container elementor-column-gap-default\">\n\t\t\t\t\t<div class=\"elementor-column elementor-col-100 elementor-top-column elementor-element elementor-element-cf81341\" data-id=\"cf81341\" data-element_type=\"column\" data-e-type=\"column\">\n\t\t\t<div class=\"elementor-widget-wrap elementor-element-populated\">\n\t\t\t\t\t\t<div class=\"elementor-element elementor-element-59492fbd elementor-widget elementor-widget-text-editor\" data-id=\"59492fbd\" data-element_type=\"widget\" data-e-type=\"widget\" data-widget_type=\"text-editor.default\">\n\t\t\t\t<div class=\"elementor-widget-container\">\n\t\t\t\t\t\t\t\t\t<div class=\"elementor-container elementor-column-gap-default\"><div class=\"elementor-column elementor-col-100 elementor-top-column elementor-element elementor-element-cf81341\" data-id=\"cf81341\" data-element_type=\"column\"><div class=\"elementor-widget-wrap elementor-element-populated\"><div class=\"elementor-element elementor-element-59492fbd elementor-widget elementor-widget-text-editor\" data-id=\"59492fbd\" data-element_type=\"widget\" data-widget_type=\"text-editor.default\"><div class=\"elementor-widget-container\"><p>Entre as colabora\u00e7\u00f5es do Dr. Abbate, tamb\u00e9m est\u00e3o aquelas com as astrof\u00edsicas italianas\u00a0<b>Margherita Hack<\/b>\u00a0e\u00a0<b>Giuliana Conforto<\/b>, com os f\u00edsicos\u00a0<b>Abdus Salam<\/b>\u00a0(ganhador do Nobel e diretor do Centro Internacional de F\u00edsica Te\u00f3rica \u201cInternational Center for Theoretical Physics\u201d de Trieste), e\u00a0<b>Tullio Regge<\/b>, o f\u00edsico que colaborou com Heisenberg no Max Planck Institute, antes de herdar a c\u00e1tedra de Albert Einstein na Universidade de Princeton.<\/p><p>Consultor de neg\u00f3cios no ramo da pesquisa industrial, o Dr. Abbate j\u00e1 muito jovem\u00a0<b>participou do painel estrat\u00e9gico da Casa Branca<\/b>\u00a0<b>sobre energia e mudan\u00e7as clim\u00e1ticas<\/b>, em colabora\u00e7\u00e3o com a Universidade de Berkeley. Tamb\u00e9m na d\u00e9cada de 70 colaborou com o prof.\u00a0<b>Luigi Peresson<\/b>\u00a0no desenvolvimento dos sistemas e na composi\u00e7\u00e3o das m\u00fasicas para o\u00a0<b>Training Aut\u00f3geno da famosa \u201cAvalanche Azul\u201d do esqui<\/b>, que levou 5 atletas italianos (incluindo Thoeni e Gros) a ocuparem os primeiros 5 lugares na classifica\u00e7\u00e3o do Slalom Gigante masculino.<\/p><p>Na d\u00e9cada de 80 foi fundador e respons\u00e1vel cient\u00edfico do Instituto de Pesquisas Biom\u00e9dicas do Hospital Civil de Pordenone.<\/p><p>Em 2002 e 2003 foi\u00a0<b>consultor do Governo Esloveno<\/b>\u00a0para a constru\u00e7\u00e3o dos distritos industriais do antigo territ\u00f3rio iugoslavo antes da sua entrada na Uni\u00e3o Europeia.<\/p><p>Executivo de uma grande empresa do setor de alta tecnologia, tamb\u00e9m esteve no Jap\u00e3o por 12 anos, onde p\u00f4de conhecer em profundidade as tradi\u00e7\u00f5es orientais, integrando-as \u00e0s j\u00e1 conhecidas.<\/p><p>H\u00e1 d\u00e9cadas \u00e9 colaborador da Enciclop\u00e9dia Atl\u00e2ntica, respons\u00e1vel pela parte cientifica e relativa aos Programas Comunit\u00e1rios.<\/p><p>Em 1975, apresentou na ERTEL (agora SMAU) de Mil\u00e3o, em nome da Zanussi,\u00a0<b>o primeiro sistema de automa\u00e7\u00e3o residencial<\/b>, posteriormente foi representante italiano junto aos \u00f3rg\u00e3os reguladores mundiais e europeus do setor de automa\u00e7\u00e3o residencial, onde \u00e9 reconhecido como um dos fundadores.<\/p><p>Nos anos 90 foi\u00a0<b>Docente do Polit\u00e9cnico de Mil\u00e3o<\/b>,\u00a0<b>Faculdade de Arquitetura, de Sistemas de Automa\u00e7\u00e3o Predial e Habitacional<\/b>, e ao mesmo tempo S\u00f3cio Fundador e participante do Comit\u00ea Editorial da revista de arquitetura \u201cGB Progetti\u201d.<\/p><p>At\u00e9 hoje\u00a0<b>\u00e9 o consultor da Comiss\u00e3o Europeia, com mais tempo de servi\u00e7o<\/b>, participando desde 1980 na sele\u00e7\u00e3o dos projetos internacionais para financiamento e na sua avalia\u00e7\u00e3o.<\/p><p>Ele tamb\u00e9m\u00a0<b>\u00e9 um dos fundadores da mais importante Organiza\u00e7\u00e3o de Pesquisa privada italiana, sem fins lucrativos<\/b>, chamada Eidon Lab.<\/p><p>O Mestre Chin\u00eas Dr. Bisong Guo, se expressa desta forma: \u201cDr. Abbate \u00e9 a reencarna\u00e7\u00e3o de uma das 9 grandes Divindades do Cosmos. Ele alcan\u00e7ou a imortalidade em sua vida anterior, mas deliberadamente decidiu reencarnar, precisamente neste per\u00edodo hist\u00f3rico, por sua compaix\u00e3o pela ra\u00e7a humana e por raz\u00f5es ainda mais profundas, que ainda hoje, n\u00e3o podem ser reveladas publicamente\u201d.<\/p><p><b>N\u00e3o \u00e9 por acaso que ao Dr. Abbate foram doados todos os manuscritos das interven\u00e7\u00f5es p\u00fablicas do famoso contatado \u201cEugenio Siragusa\u201d<\/b>, a quem conheceu pessoalmente, e que lhe foi pedido que colaborasse, durante alguns anos, na tradu\u00e7\u00e3o de Kryon para o italiano, com o intuito de preservar a autenticidade dos documentos.<\/p><p>\u00a0<\/p><p>Publicou in\u00fameros artigos em v\u00e1rias revistas e 5 livros, incluindo, em 2016, \u201cAs 12 Camadas da Imortalidade\u201d.<\/p><p><br \/><b>H\u00e1 alguns anos, o Dr. Abbate tem intensificado a divulga\u00e7\u00e3o p\u00fablica de seus conhecimentos<\/b>\u00a0e de seus estudos mais recentes, em antecipa\u00e7\u00e3o \u00e0s importantes mudan\u00e7as que est\u00e3o ocorrendo Terra, tanto a n\u00edvel f\u00edsico quanto espiritual.<\/p><\/div><\/div><\/div><\/div><\/div>\t\t\t\t\t\t\t\t<\/div>\n\t\t\t\t<\/div>\n\t\t\t\t\t<\/div>\n\t\t<\/div>\n\t\t\t\t\t<\/div>\n\t\t<\/section>\n\t\t\t\t<section class=\"elementor-section elementor-top-section elementor-element elementor-element-6bffb10 elementor-section-boxed elementor-section-height-default elementor-section-height-default\" data-id=\"6bffb10\" data-element_type=\"section\" data-e-type=\"section\">\n\t\t\t\t\t\t<div class=\"elementor-container elementor-column-gap-default\">\n\t\t\t\t\t<div class=\"elementor-column elementor-col-100 elementor-top-column elementor-element elementor-element-5643836\" data-id=\"5643836\" data-element_type=\"column\" data-e-type=\"column\">\n\t\t\t<div class=\"elementor-widget-wrap elementor-element-populated\">\n\t\t\t\t\t\t<div class=\"elementor-element elementor-element-87a5c0e uael-heading-align-center elementor-widget elementor-widget-uael-advanced-heading\" data-id=\"87a5c0e\" data-element_type=\"widget\" data-e-type=\"widget\" data-widget_type=\"uael-advanced-heading.default\">\n\t\t\t\t<div class=\"elementor-widget-container\">\n\t\t\t\t\t\n\t\t<div class=\"uael-module-content uael-heading-wrapper\">\n\t\t\t\t\t\t\n\t\t\t<h1 class=\"uael-heading\">\n\t\t\t\t\t\t\t\t\t\t<span class=\"uael-heading-text elementor-inline-editing uael-size--default\" data-elementor-setting-key=\"heading_title\" data-elementor-inline-editing-toolbar=\"basic\">Depoimentos<\/span>\n\t\t\t\t\t\t\t<\/h1>\n\n\t\t\t\n\t\t\t\n\t\t\t\n\t\t\t\t\t\t<\/div>\n\t\t\t\t\t\t<\/div>\n\t\t\t\t<\/div>\n\t\t\t\t<div class=\"elementor-element elementor-element-07ac5b4 elementor-testimonial--skin-default elementor-testimonial--layout-image_inline elementor-testimonial--align-center elementor-arrows-yes elementor-pagination-type-bullets elementor-widget elementor-widget-testimonial-carousel\" data-id=\"07ac5b4\" data-element_type=\"widget\" data-e-type=\"widget\" data-settings=\"{&quot;show_arrows&quot;:&quot;yes&quot;,&quot;pagination&quot;:&quot;bullets&quot;,&quot;speed&quot;:500,&quot;autoplay&quot;:&quot;yes&quot;,&quot;autoplay_speed&quot;:5000,&quot;loop&quot;:&quot;yes&quot;,&quot;pause_on_hover&quot;:&quot;yes&quot;,&quot;pause_on_interaction&quot;:&quot;yes&quot;,&quot;space_between&quot;:{&quot;unit&quot;:&quot;px&quot;,&quot;size&quot;:10,&quot;sizes&quot;:[]},&quot;space_between_tablet&quot;:{&quot;unit&quot;:&quot;px&quot;,&quot;size&quot;:10,&quot;sizes&quot;:[]},&quot;space_between_mobile&quot;:{&quot;unit&quot;:&quot;px&quot;,&quot;size&quot;:10,&quot;sizes&quot;:[]}}\" data-widget_type=\"testimonial-carousel.default\">\n\t\t\t\t<div class=\"elementor-widget-container\">\n\t\t\t\t\t\t\t\t\t<div class=\"elementor-swiper\">\n\t\t\t\t\t<div class=\"elementor-main-swiper swiper\" role=\"region\" aria-roledescription=\"carousel\" aria-label=\"Slides\">\n\t\t\t\t<div class=\"swiper-wrapper\">\n\t\t\t\t\t\t\t\t\t\t\t<div class=\"swiper-slide\" role=\"group\" aria-roledescription=\"slide\">\n\t\t\t\t\t\t\t\t\t<div class=\"elementor-testimonial\">\n\t\t\t\t\t\t\t<div class=\"elementor-testimonial__content\">\n\t\t\t\t\t<div class=\"elementor-testimonial__text\">\n\t\t\t\t\t\t<p>...estou sem palavras! J\u00e1 fazia muito tempo que n\u00e3o fazia cursos (j\u00e1 fiz muitos e gastei muito dinheiro, e prometi a mim mesma que n\u00e3o faria mais nada, por ter percebido que muitas vezes eram in\u00fateis, desperdi\u00e7ando dinheiro e tempo por nada), mas nesse caso, eu diria que voc\u00ea foi uma b\u00ean\u00e7\u00e3o do C\u00e9u. Tenho orgulho de fazer parte dos 'poucos escolhidos', sempre soube de n\u00e3o fazer parte deste lugar e voc\u00ea me deu a certeza e a clareza sobre isso.<\/p>\n\t\t\t\t\t<\/div>\n\t\t\t\t\t\t\t\t\t<\/div>\n\t\t\t\t\t\t<div class=\"elementor-testimonial__footer\">\n\t\t\t\t\t\t\t\t<cite class=\"elementor-testimonial__cite\"><span class=\"elementor-testimonial__name\">Lorena<\/span><\/cite>\t\t\t<\/div>\n\t\t<\/div>\n\t\t\t\t\t\t\t\t<\/div>\n\t\t\t\t\t\t\t\t\t\t\t<div class=\"swiper-slide\" role=\"group\" aria-roledescription=\"slide\">\n\t\t\t\t\t\t\t\t\t<div class=\"elementor-testimonial\">\n\t\t\t\t\t\t\t<div class=\"elementor-testimonial__content\">\n\t\t\t\t\t<div class=\"elementor-testimonial__text\">\n\t\t\t\t\t\t<p>\u201cCaro Mestre, eu diria um Caminho essencial, feito divinamente, agora refarei e aprofundarei a Jornada ... entretanto, gostaria que me recomendasse um pr\u00f3ximo curso para continuar o Percurso de uma maneira sequencial ... Eu pedi para fazer o meu mapa numerologico e tamb\u00e9m estou pensando em fazer o curso para ser Numer\u00f3logo. Obrigado por tudo e um luminoso abra\u00e7o, Boa Caminhada a todos voc\u00eas, que decidiram se libertar das amarras da Ilus\u00e3o, nos encontraremos no lugar que nos \u00e9 destinado...\"<\/p>\n\t\t\t\t\t<\/div>\n\t\t\t\t\t\t\t\t\t<\/div>\n\t\t\t\t\t\t<div class=\"elementor-testimonial__footer\">\n\t\t\t\t\t\t\t\t\t\t\t<\/div>\n\t\t<\/div>\n\t\t\t\t\t\t\t\t<\/div>\n\t\t\t\t\t\t\t\t\t\t\t<div class=\"swiper-slide\" role=\"group\" aria-roledescription=\"slide\">\n\t\t\t\t\t\t\t\t\t<div class=\"elementor-testimonial\">\n\t\t\t\t\t\t\t<div class=\"elementor-testimonial__content\">\n\t\t\t\t\t<div class=\"elementor-testimonial__text\">\n\t\t\t\t\t\t<p>\"Obrigado, Obrigado, Obrigado ... informa\u00e7\u00f5es simplesmente fant\u00e1sticas para aqueles como eu,  formado em Biologia e com especializa\u00e7\u00e3o em Gen\u00e9tica, que primeiro me interessei pela F\u00edsica em Pisa ... e \u00e9 justamente por este percurso que gostaria de agradecer ainda mais o senhor, pelos estudos que tem realizado.\"<\/p>\n\t\t\t\t\t<\/div>\n\t\t\t\t\t\t\t\t\t<\/div>\n\t\t\t\t\t\t<div class=\"elementor-testimonial__footer\">\n\t\t\t\t\t\t\t\t\t\t\t<\/div>\n\t\t<\/div>\n\t\t\t\t\t\t\t\t<\/div>\n\t\t\t\t\t\t\t\t\t\t\t<div class=\"swiper-slide\" role=\"group\" aria-roledescription=\"slide\">\n\t\t\t\t\t\t\t\t\t<div class=\"elementor-testimonial\">\n\t\t\t\t\t\t\t<div class=\"elementor-testimonial__content\">\n\t\t\t\t\t<div class=\"elementor-testimonial__text\">\n\t\t\t\t\t\t<p>\u201cUm dia ap\u00f3s a ativa\u00e7\u00e3o ... Respiro mais leve ... com Pulm\u00f5es mais abertos. \u00c9 como se certos \"canais\" tivessem sido liberados. E esta manh\u00e3 uma maravilhosa not\u00edcia que j\u00e1 nem esperava mais. N\u00e3o sei se foi por causa da ativa\u00e7\u00e3o, mas foi assim. Muito obrigada.\"<\/p>\n\t\t\t\t\t<\/div>\n\t\t\t\t\t\t\t\t\t<\/div>\n\t\t\t\t\t\t<div class=\"elementor-testimonial__footer\">\n\t\t\t\t\t\t\t\t\t\t\t<\/div>\n\t\t<\/div>\n\t\t\t\t\t\t\t\t<\/div>\n\t\t\t\t\t\t\t\t\t<\/div>\n\t\t\t\t\t\t\t\t\t\t\t\t\t\t\t<div class=\"elementor-swiper-button elementor-swiper-button-prev\" role=\"button\" tabindex=\"0\" aria-label=\"Anterior\">\n\t\t\t\t\t\t\t<svg aria-hidden=\"true\" class=\"e-font-icon-svg e-eicon-chevron-left\" viewBox=\"0 0 1000 1000\" xmlns=\"http:\/\/www.w3.org\/2000\/svg\"><path d=\"M646 125C629 125 613 133 604 142L308 442C296 454 292 471 292 487 292 504 296 521 308 533L604 854C617 867 629 875 646 875 663 875 679 871 692 858 704 846 713 829 713 812 713 796 708 779 692 767L438 487 692 225C700 217 708 204 708 187 708 171 704 154 692 142 675 129 663 125 646 125Z\"><\/path><\/svg>\t\t\t\t\t\t<\/div>\n\t\t\t\t\t\t<div class=\"elementor-swiper-button elementor-swiper-button-next\" role=\"button\" tabindex=\"0\" aria-label=\"Pr\u00f3ximo\">\n\t\t\t\t\t\t\t<svg aria-hidden=\"true\" class=\"e-font-icon-svg e-eicon-chevron-right\" viewBox=\"0 0 1000 1000\" xmlns=\"http:\/\/www.w3.org\/2000\/svg\"><path d=\"M696 533C708 521 713 504 713 487 713 471 708 454 696 446L400 146C388 133 375 125 354 125 338 125 325 129 313 142 300 154 292 171 292 187 292 204 296 221 308 233L563 492 304 771C292 783 288 800 288 817 288 833 296 850 308 863 321 871 338 875 354 875 371 875 388 867 400 854L696 533Z\"><\/path><\/svg>\t\t\t\t\t\t<\/div>\n\t\t\t\t\t\t\t\t\t\t\t\t\t\t\t\t<div class=\"swiper-pagination\"><\/div>\n\t\t\t\t\t\t\t\t\t\t\t\t<\/div>\n\t\t\t\t<\/div>\n\t\t\t\t\t\t\t\t<\/div>\n\t\t\t\t<\/div>\n\t\t\t\t\t<\/div>\n\t\t<\/div>\n\t\t\t\t\t<\/div>\n\t\t<\/section>\n\t\t\t\t<\/div>\n\t\t","protected":false},"excerpt":{"rendered":"<p>Graduado em F\u00edsica em P\u00e1dua com tese para o projeto de uma parte do CERN em Genebra, graduado em Teologia, estudioso de textos sagrados, entre os maiores especialistas no mundo da Cabala Cald\u00e9ia (a qual recebeu das dimens\u00f5es superiores sem nunca ter aprendido com nenhum professor ou livro) e tamb\u00e9m de Astrologia, Numerologia e Gematria, [&hellip;]<\/p>\n","protected":false},"author":1,"featured_media":0,"parent":0,"menu_order":0,"comment_status":"closed","ping_status":"closed","template":"","meta":{"_acf_changed":false,"footnotes":""},"categories":[],"tags":[],"class_list":["post-8716","page","type-page","status-publish","hentry"],"acf":[],"_links":{"self":[{"href":"https:\/\/www.dottabbate.com\/pt-br\/wp-json\/wp\/v2\/pages\/8716","targetHints":{"allow":["GET"]}}],"collection":[{"href":"https:\/\/www.dottabbate.com\/pt-br\/wp-json\/wp\/v2\/pages"}],"about":[{"href":"https:\/\/www.dottabbate.com\/pt-br\/wp-json\/wp\/v2\/types\/page"}],"author":[{"embeddable":true,"href":"https:\/\/www.dottabbate.com\/pt-br\/wp-json\/wp\/v2\/users\/1"}],"replies":[{"embeddable":true,"href":"https:\/\/www.dottabbate.com\/pt-br\/wp-json\/wp\/v2\/comments?post=8716"}],"version-history":[{"count":20,"href":"https:\/\/www.dottabbate.com\/pt-br\/wp-json\/wp\/v2\/pages\/8716\/revisions"}],"predecessor-version":[{"id":8736,"href":"https:\/\/www.dottabbate.com\/pt-br\/wp-json\/wp\/v2\/pages\/8716\/revisions\/8736"}],"wp:attachment":[{"href":"https:\/\/www.dottabbate.com\/pt-br\/wp-json\/wp\/v2\/media?parent=8716"}],"wp:term":[{"taxonomy":"category","embeddable":true,"href":"https:\/\/www.dottabbate.com\/pt-br\/wp-json\/wp\/v2\/categories?post=8716"},{"taxonomy":"post_tag","embeddable":true,"href":"https:\/\/www.dottabbate.com\/pt-br\/wp-json\/wp\/v2\/tags?post=8716"}],"curies":[{"name":"wp","href":"https:\/\/api.w.org\/{rel}","templated":true}]}}