{"id":9058,"date":"2022-05-31T10:05:29","date_gmt":"2022-05-31T08:05:29","guid":{"rendered":"https:\/\/www.dottabbate.com\/?page_id=9058"},"modified":"2022-05-31T10:27:43","modified_gmt":"2022-05-31T08:27:43","slug":"artigos","status":"publish","type":"page","link":"https:\/\/www.dottabbate.com\/pt-br\/artigos\/","title":{"rendered":"Artigos"},"content":{"rendered":"\t\t<div data-elementor-type=\"wp-page\" data-elementor-id=\"9058\" class=\"elementor elementor-9058\" data-elementor-post-type=\"page\">\n\t\t\t\t\t\t<section class=\"elementor-section elementor-top-section elementor-element elementor-element-39f601c elementor-section-boxed elementor-section-height-default elementor-section-height-default\" data-id=\"39f601c\" data-element_type=\"section\" data-e-type=\"section\">\n\t\t\t\t\t\t<div class=\"elementor-container elementor-column-gap-default\">\n\t\t\t\t\t<div class=\"elementor-column elementor-col-100 elementor-top-column elementor-element elementor-element-661396c\" data-id=\"661396c\" data-element_type=\"column\" data-e-type=\"column\">\n\t\t\t<div class=\"elementor-widget-wrap elementor-element-populated\">\n\t\t\t\t\t\t<div class=\"elementor-element elementor-element-3444328 elementor-grid-3 elementor-grid-tablet-2 elementor-grid-mobile-1 elementor-posts--thumbnail-top elementor-widget elementor-widget-posts\" data-id=\"3444328\" data-element_type=\"widget\" data-e-type=\"widget\" data-settings=\"{&quot;pagination_type&quot;:&quot;numbers&quot;,&quot;classic_columns&quot;:&quot;3&quot;,&quot;classic_columns_tablet&quot;:&quot;2&quot;,&quot;classic_columns_mobile&quot;:&quot;1&quot;,&quot;classic_row_gap&quot;:{&quot;unit&quot;:&quot;px&quot;,&quot;size&quot;:35,&quot;sizes&quot;:[]},&quot;classic_row_gap_tablet&quot;:{&quot;unit&quot;:&quot;px&quot;,&quot;size&quot;:&quot;&quot;,&quot;sizes&quot;:[]},&quot;classic_row_gap_mobile&quot;:{&quot;unit&quot;:&quot;px&quot;,&quot;size&quot;:&quot;&quot;,&quot;sizes&quot;:[]}}\" data-widget_type=\"posts.classic\">\n\t\t\t\t<div class=\"elementor-widget-container\">\n\t\t\t\t\t\t\t<div class=\"elementor-posts-container elementor-posts elementor-posts--skin-classic elementor-grid\" role=\"list\">\n\t\t\t\t<article class=\"elementor-post elementor-grid-item post-8995 post type-post status-publish format-quote has-post-thumbnail hentry category-articoli category-nao-categorizado post_format-post-format-quote\" role=\"listitem\">\n\t\t\t\t<a class=\"elementor-post__thumbnail__link\" href=\"https:\/\/www.dottabbate.com\/pt-br\/eva-absolvida\/\" tabindex=\"-1\" >\n\t\t\t<div class=\"elementor-post__thumbnail\"><img decoding=\"async\" src=\"https:\/\/www.dottabbate.com\/wp-content\/uploads\/eva-absolvida.jpg\" title=\"eva-absolvida\" alt=\"eva-absolvida\" loading=\"lazy\" \/><\/div>\n\t\t<\/a>\n\t\t\t\t<div class=\"elementor-post__text\">\n\t\t\t\t<h3 class=\"elementor-post__title\">\n\t\t\t<a href=\"https:\/\/www.dottabbate.com\/pt-br\/eva-absolvida\/\" >\n\t\t\t\tEva: absolvida\t\t\t<\/a>\n\t\t<\/h3>\n\t\t\t\t<div class=\"elementor-post__excerpt\">\n\t\t\t<p>Eva: absolvida&#8230; por n\u00e3o ter cometido o fato. A tradi\u00e7\u00e3o nos passou uma imagem de Eva como a primeira mulher que tentando Ad\u00e3o, provocou a expuls\u00e3o<\/p>\n\t\t<\/div>\n\t\t\n\t\t<a class=\"elementor-post__read-more\" href=\"https:\/\/www.dottabbate.com\/pt-br\/eva-absolvida\/\" aria-label=\"Leia mais sobre Eva: absolvida\" tabindex=\"-1\" >\n\t\t\tLeggi tutto \u00bb\t\t<\/a>\n\n\t\t\t\t<\/div>\n\t\t\t\t<\/article>\n\t\t\t\t<article class=\"elementor-post elementor-grid-item post-8986 post type-post status-publish format-quote has-post-thumbnail hentry category-artigos category-nao-categorizado category-video-pt-br post_format-post-format-quote\" role=\"listitem\">\n\t\t\t\t<a class=\"elementor-post__thumbnail__link\" href=\"https:\/\/www.dottabbate.com\/pt-br\/o-teu-signo-zodiacal-pode-estar-errado\/\" tabindex=\"-1\" >\n\t\t\t<div class=\"elementor-post__thumbnail\"><img decoding=\"async\" src=\"https:\/\/www.dottabbate.com\/wp-content\/uploads\/carta-natale-astrologica-br.jpg\" title=\"carta-natale-astrologica-br\" alt=\"carta-natale-astrologica-br\" loading=\"lazy\" \/><\/div>\n\t\t<\/a>\n\t\t\t\t<div class=\"elementor-post__text\">\n\t\t\t\t<h3 class=\"elementor-post__title\">\n\t\t\t<a href=\"https:\/\/www.dottabbate.com\/pt-br\/o-teu-signo-zodiacal-pode-estar-errado\/\" >\n\t\t\t\tO teu signo zodiacal pode estar errado\t\t\t<\/a>\n\t\t<\/h3>\n\t\t\t\t<div class=\"elementor-post__excerpt\">\n\t\t\t<p>Astrologia e signos do Zodiaco A astrologia \u00e9 uma ci\u00eancia imensa que reinou nas maiores intelig\u00eancias Honor\u00e9 De Balzac Na astrologia quando falamos de signos zodiacais<\/p>\n\t\t<\/div>\n\t\t\n\t\t<a class=\"elementor-post__read-more\" href=\"https:\/\/www.dottabbate.com\/pt-br\/o-teu-signo-zodiacal-pode-estar-errado\/\" aria-label=\"Leia mais sobre O teu signo zodiacal pode estar errado\" tabindex=\"-1\" >\n\t\t\tLeggi tutto \u00bb\t\t<\/a>\n\n\t\t\t\t<\/div>\n\t\t\t\t<\/article>\n\t\t\t\t<article class=\"elementor-post elementor-grid-item post-8978 post type-post status-publish format-quote has-post-thumbnail hentry category-articoli category-nao-categorizado post_format-post-format-quote\" role=\"listitem\">\n\t\t\t\t<a class=\"elementor-post__thumbnail__link\" href=\"https:\/\/www.dottabbate.com\/pt-br\/de-2-a-3-a-4-helice-de-dna-a-nova-era-ja-iniciou\/\" tabindex=\"-1\" >\n\t\t\t<div class=\"elementor-post__thumbnail\"><img decoding=\"async\" src=\"https:\/\/www.dottabbate.com\/wp-content\/uploads\/eliche-dna-br.jpg\" title=\"eliche-dna-br\" alt=\"eliche-dna-br\" loading=\"lazy\" \/><\/div>\n\t\t<\/a>\n\t\t\t\t<div class=\"elementor-post__text\">\n\t\t\t\t<h3 class=\"elementor-post__title\">\n\t\t\t<a href=\"https:\/\/www.dottabbate.com\/pt-br\/de-2-a-3-a-4-helice-de-dna-a-nova-era-ja-iniciou\/\" >\n\t\t\t\tDe 2 a 3 a 4 h\u00e9lice de DNA: a nova era j\u00e1 iniciou\t\t\t<\/a>\n\t\t<\/h3>\n\t\t\t\t<div class=\"elementor-post__excerpt\">\n\t\t\t<p>Depois do eclipse solar de 1999 foram manifestados uma s\u00e9rie de mudan\u00e7as que me levaram a pensar que a nova era talvez j\u00e1 tivesse iniciado. N\u00e3o<\/p>\n\t\t<\/div>\n\t\t\n\t\t<a class=\"elementor-post__read-more\" href=\"https:\/\/www.dottabbate.com\/pt-br\/de-2-a-3-a-4-helice-de-dna-a-nova-era-ja-iniciou\/\" aria-label=\"Leia mais sobre De 2 a 3 a 4 h\u00e9lice de DNA: a nova era j\u00e1 iniciou\" tabindex=\"-1\" >\n\t\t\tLeggi tutto \u00bb\t\t<\/a>\n\n\t\t\t\t<\/div>\n\t\t\t\t<\/article>\n\t\t\t\t<article class=\"elementor-post elementor-grid-item post-8965 post type-post status-publish format-quote has-post-thumbnail hentry category-artigos category-nao-categorizado category-video-pt-br post_format-post-format-quote\" role=\"listitem\">\n\t\t\t\t<a class=\"elementor-post__thumbnail__link\" href=\"https:\/\/www.dottabbate.com\/pt-br\/ciencia-e-espiritualidade\/\" tabindex=\"-1\" >\n\t\t\t<div class=\"elementor-post__thumbnail\"><img decoding=\"async\" src=\"https:\/\/www.dottabbate.com\/wp-content\/uploads\/Scienza-e-Spiritualita-4.jpg\" title=\"Scienza-e-Spiritualita\" alt=\"Scienza-e-Spiritualita\" loading=\"lazy\" \/><\/div>\n\t\t<\/a>\n\t\t\t\t<div class=\"elementor-post__text\">\n\t\t\t\t<h3 class=\"elementor-post__title\">\n\t\t\t<a href=\"https:\/\/www.dottabbate.com\/pt-br\/ciencia-e-espiritualidade\/\" >\n\t\t\t\tCi\u00eancia e Espiritualidade\t\t\t<\/a>\n\t\t<\/h3>\n\t\t\t\t<div class=\"elementor-post__excerpt\">\n\t\t\t<p>Quando se trata de ci\u00eancia, \u00e9 importante explicar imediatamente do que se trata, pois muitas vezes in\u00fameras disciplinas s\u00e3o rotuladas como ci\u00eancia sem realmente serem. Inv\u00e9s,<\/p>\n\t\t<\/div>\n\t\t\n\t\t<a class=\"elementor-post__read-more\" href=\"https:\/\/www.dottabbate.com\/pt-br\/ciencia-e-espiritualidade\/\" aria-label=\"Leia mais sobre Ci\u00eancia e Espiritualidade\" tabindex=\"-1\" >\n\t\t\tLeggi tutto \u00bb\t\t<\/a>\n\n\t\t\t\t<\/div>\n\t\t\t\t<\/article>\n\t\t\t\t<article class=\"elementor-post elementor-grid-item post-8957 post type-post status-publish format-quote has-post-thumbnail hentry category-artigos category-nao-categorizado category-video-pt-br post_format-post-format-quote\" role=\"listitem\">\n\t\t\t\t<a class=\"elementor-post__thumbnail__link\" href=\"https:\/\/www.dottabbate.com\/pt-br\/os-4-mundos-da-cabala\/\" tabindex=\"-1\" >\n\t\t\t<div class=\"elementor-post__thumbnail\"><img decoding=\"async\" src=\"https:\/\/www.dottabbate.com\/wp-content\/uploads\/sefirot-br.jpg\" title=\"Kabbalah Tree of Life\" alt=\"The symbol of Kabbalah, the Tree of Life, is nested here in sacred geometry, the ancient Flower of Life matrix.\" loading=\"lazy\" \/><\/div>\n\t\t<\/a>\n\t\t\t\t<div class=\"elementor-post__text\">\n\t\t\t\t<h3 class=\"elementor-post__title\">\n\t\t\t<a href=\"https:\/\/www.dottabbate.com\/pt-br\/os-4-mundos-da-cabala\/\" >\n\t\t\t\tOs 4 mundos da cabala\t\t\t<\/a>\n\t\t<\/h3>\n\t\t\t\t<div class=\"elementor-post__excerpt\">\n\t\t\t<p>\u201cH\u00e1 na Cabala uma m\u00fasica de N\u00fameros, e essa m\u00fasica que reduz o caos material a seus princ\u00edpios, atrav\u00e9s de uma esp\u00e9cie de matem\u00e1tica grandiosa, explica<\/p>\n\t\t<\/div>\n\t\t\n\t\t<a class=\"elementor-post__read-more\" href=\"https:\/\/www.dottabbate.com\/pt-br\/os-4-mundos-da-cabala\/\" aria-label=\"Leia mais sobre Os 4 mundos da cabala\" tabindex=\"-1\" >\n\t\t\tLeggi tutto \u00bb\t\t<\/a>\n\n\t\t\t\t<\/div>\n\t\t\t\t<\/article>\n\t\t\t\t<article class=\"elementor-post elementor-grid-item post-9132 post type-post status-publish format-quote has-post-thumbnail hentry category-artigos post_format-post-format-quote\" role=\"listitem\">\n\t\t\t\t<a class=\"elementor-post__thumbnail__link\" href=\"https:\/\/www.dottabbate.com\/pt-br\/numerologia-descubra-o-significado-dos-numeros\/\" tabindex=\"-1\" >\n\t\t\t<div class=\"elementor-post__thumbnail\"><img decoding=\"async\" src=\"https:\/\/www.dottabbate.com\/wp-content\/uploads\/la-numerologia-01-4.jpg\" title=\"la-numerologia-01\" alt=\"la-numerologia-01\" loading=\"lazy\" \/><\/div>\n\t\t<\/a>\n\t\t\t\t<div class=\"elementor-post__text\">\n\t\t\t\t<h3 class=\"elementor-post__title\">\n\t\t\t<a href=\"https:\/\/www.dottabbate.com\/pt-br\/numerologia-descubra-o-significado-dos-numeros\/\" >\n\t\t\t\tNumerologia, descubra o significado dos n\u00fameros\t\t\t<\/a>\n\t\t<\/h3>\n\t\t\t\t<div class=\"elementor-post__excerpt\">\n\t\t\t<p>O que \u00e9 realmente um n\u00famero? Que tipo de relacionamento voc\u00ea tem com os N\u00fameros? Voc\u00ea j\u00e1 se perguntou qual \u00e9 o papel deles na sua<\/p>\n\t\t<\/div>\n\t\t\n\t\t<a class=\"elementor-post__read-more\" href=\"https:\/\/www.dottabbate.com\/pt-br\/numerologia-descubra-o-significado-dos-numeros\/\" aria-label=\"Leia mais sobre Numerologia, descubra o significado dos n\u00fameros\" tabindex=\"-1\" >\n\t\t\tLeggi tutto \u00bb\t\t<\/a>\n\n\t\t\t\t<\/div>\n\t\t\t\t<\/article>\n\t\t\t\t<article class=\"elementor-post elementor-grid-item post-9192 post type-post status-publish format-quote has-post-thumbnail hentry category-artigos post_format-post-format-quote\" role=\"listitem\">\n\t\t\t\t<a class=\"elementor-post__thumbnail__link\" href=\"https:\/\/www.dottabbate.com\/pt-br\/che-cos-e-la-cabala\/\" tabindex=\"-1\" >\n\t\t\t<div class=\"elementor-post__thumbnail\"><img decoding=\"async\" src=\"https:\/\/www.dottabbate.com\/wp-content\/uploads\/CHE-COSA-E-LA-CABALA-4.jpg\" title=\"CHE-COSA-E-LA-CABALA\" alt=\"CHE-COSA-E-LA-CABALA\" loading=\"lazy\" \/><\/div>\n\t\t<\/a>\n\t\t\t\t<div class=\"elementor-post__text\">\n\t\t\t\t<h3 class=\"elementor-post__title\">\n\t\t\t<a href=\"https:\/\/www.dottabbate.com\/pt-br\/che-cos-e-la-cabala\/\" >\n\t\t\t\tO que \u00e9 a Cabala?\t\t\t<\/a>\n\t\t<\/h3>\n\t\t\t\t<div class=\"elementor-post__excerpt\">\n\t\t\t<p>Quando falamos de Cabala ou Kabbalah ou Qabalah o sentimento de curiosidade \u00e9 imediato como as lendas que foram passadas de av\u00f3s para os netos com<\/p>\n\t\t<\/div>\n\t\t\n\t\t<a class=\"elementor-post__read-more\" href=\"https:\/\/www.dottabbate.com\/pt-br\/che-cos-e-la-cabala\/\" aria-label=\"Leia mais sobre O que \u00e9 a Cabala?\" tabindex=\"-1\" >\n\t\t\tLeggi tutto \u00bb\t\t<\/a>\n\n\t\t\t\t<\/div>\n\t\t\t\t<\/article>\n\t\t\t\t<article class=\"elementor-post elementor-grid-item post-11104 post type-post status-publish format-quote hentry category-profezie-pt-br tag-profezie-pt-br post_format-post-format-quote\" role=\"listitem\">\n\t\t\t\t<div class=\"elementor-post__text\">\n\t\t\t\t<h3 class=\"elementor-post__title\">\n\t\t\t<a href=\"https:\/\/www.dottabbate.com\/pt-br\/42-le-profezie-della-monaca-di-dresda\/\" >\n\t\t\t\tLe profezie della monaca di Dresda\t\t\t<\/a>\n\t\t<\/h3>\n\t\t\t\t<div class=\"elementor-post__excerpt\">\n\t\t\t<p>Di questa religiosa si sa per certo che visse tra il 1680 e il 1706, in un convento sulle rive dell&#8217;Elba e che era semianalfabeta. Quando<\/p>\n\t\t<\/div>\n\t\t\n\t\t<a class=\"elementor-post__read-more\" href=\"https:\/\/www.dottabbate.com\/pt-br\/42-le-profezie-della-monaca-di-dresda\/\" aria-label=\"Leia mais sobre Le profezie della monaca di Dresda\" tabindex=\"-1\" >\n\t\t\tLeggi tutto \u00bb\t\t<\/a>\n\n\t\t\t\t<\/div>\n\t\t\t\t<\/article>\n\t\t\t\t<\/div>\n\t\t\n\t\t\t\t\t\t<\/div>\n\t\t\t\t<\/div>\n\t\t\t\t\t<\/div>\n\t\t<\/div>\n\t\t\t\t\t<\/div>\n\t\t<\/section>\n\t\t\t\t<\/div>\n\t\t","protected":false},"excerpt":{"rendered":"","protected":false},"author":1,"featured_media":0,"parent":0,"menu_order":0,"comment_status":"closed","ping_status":"closed","template":"","meta":{"_acf_changed":false,"footnotes":""},"categories":[],"tags":[],"class_list":["post-9058","page","type-page","status-publish","hentry"],"acf":[],"_links":{"self":[{"href":"https:\/\/www.dottabbate.com\/pt-br\/wp-json\/wp\/v2\/pages\/9058","targetHints":{"allow":["GET"]}}],"collection":[{"href":"https:\/\/www.dottabbate.com\/pt-br\/wp-json\/wp\/v2\/pages"}],"about":[{"href":"https:\/\/www.dottabbate.com\/pt-br\/wp-json\/wp\/v2\/types\/page"}],"author":[{"embeddable":true,"href":"https:\/\/www.dottabbate.com\/pt-br\/wp-json\/wp\/v2\/users\/1"}],"replies":[{"embeddable":true,"href":"https:\/\/www.dottabbate.com\/pt-br\/wp-json\/wp\/v2\/comments?post=9058"}],"version-history":[{"count":15,"href":"https:\/\/www.dottabbate.com\/pt-br\/wp-json\/wp\/v2\/pages\/9058\/revisions"}],"predecessor-version":[{"id":9079,"href":"https:\/\/www.dottabbate.com\/pt-br\/wp-json\/wp\/v2\/pages\/9058\/revisions\/9079"}],"wp:attachment":[{"href":"https:\/\/www.dottabbate.com\/pt-br\/wp-json\/wp\/v2\/media?parent=9058"}],"wp:term":[{"taxonomy":"category","embeddable":true,"href":"https:\/\/www.dottabbate.com\/pt-br\/wp-json\/wp\/v2\/categories?post=9058"},{"taxonomy":"post_tag","embeddable":true,"href":"https:\/\/www.dottabbate.com\/pt-br\/wp-json\/wp\/v2\/tags?post=9058"}],"curies":[{"name":"wp","href":"https:\/\/api.w.org\/{rel}","templated":true}]}}